{"id":13,"date":"2016-02-11T03:03:37","date_gmt":"2016-02-11T02:03:37","guid":{"rendered":"http:\/\/neu.rauschpr.com\/es\/?page_id=13"},"modified":"2016-03-31T13:35:40","modified_gmt":"2016-03-31T11:35:40","slug":"servicios","status":"publish","type":"page","link":"http:\/\/www.rauschpr.com\/es\/servicios\/","title":{"rendered":"Servicios"},"content":{"rendered":"<div class=\"col-md-6 col-xs-12\">\n<p class=\"text12\"><strong>Les ofrecemos nuestros servicios de relaciones p\u00f9blicas y m\u00e1s<\/strong><\/p>\n<ul>\n<li class=\"text12\">Asesor\u00eda de marketing y marcas<\/li>\n<li class=\"text12\">Product PR \u2013 People PR \u2013 Event Management<\/li>\n<li class=\"text12\">Concepci\u00f3n estrat\u00e9gica de relaciones publicas<\/li>\n<li class=\"text12\">Social Media<\/li>\n<li class=\"text12\">Comunicaci\u00f3n entre empresas<\/li>\n<li class=\"text12\">Promoci\u00f3n de ventas<\/li>\n<li class=\"text12\">Esponsores<\/li>\n<\/ul>\n<\/div>\n<div class=\"col-md-6 col-xs-12\">\n<p class=\"text12\"><strong>Nos hemos especializados en<\/strong><\/p>\n<ul>\n<li class=\"text12\">econom\u00eda &amp; estilo de vida<br \/>\n<span class=\"text10\">industria | educaci\u00f3n | Food &amp; Beverage | belleza | dise\u00f1o &amp; m\u00e1s<\/span><\/li>\n<li class=\"text12\">turismo &amp; lujo<br \/>\n<span class=\"text10\">destinos tur\u00edsticos | cruceros | hoteles &amp; m\u00e1s<\/span><\/li>\n<li class=\"text12\">cultura &amp; entretenimiento<br \/>\n<span class=\"text10\">m\u00fasica pop &amp; cl\u00e1sica | espect\u00e1culo &amp; entretenimiento | gesti\u00f3n de   artistas &amp; m\u00e1s<\/span><\/li>\n<\/ul>\n<\/div>\n","protected":false},"excerpt":{"rendered":"<p>Les ofrecemos nuestros servicios de relaciones p\u00f9blicas y m\u00e1s Asesor\u00eda de marketing y marcas Product PR \u2013 People PR \u2013 Event Management Concepci\u00f3n estrat\u00e9gica de relaciones publicas Social Media Comunicaci\u00f3n entre empresas Promoci\u00f3n de ventas Esponsores Nos hemos especializados en econom\u00eda &amp; estilo de vida industria | educaci\u00f3n | Food &amp; Beverage | belleza | [&hellip;]<\/p>\n","protected":false},"author":1,"featured_media":0,"parent":0,"menu_order":3,"comment_status":"closed","ping_status":"closed","template":"","meta":{"footnotes":""},"class_list":["post-13","page","type-page","status-publish","hentry"],"_links":{"self":[{"href":"http:\/\/www.rauschpr.com\/es\/wp-json\/wp\/v2\/pages\/13","targetHints":{"allow":["GET"]}}],"collection":[{"href":"http:\/\/www.rauschpr.com\/es\/wp-json\/wp\/v2\/pages"}],"about":[{"href":"http:\/\/www.rauschpr.com\/es\/wp-json\/wp\/v2\/types\/page"}],"author":[{"embeddable":true,"href":"http:\/\/www.rauschpr.com\/es\/wp-json\/wp\/v2\/users\/1"}],"replies":[{"embeddable":true,"href":"http:\/\/www.rauschpr.com\/es\/wp-json\/wp\/v2\/comments?post=13"}],"version-history":[{"count":3,"href":"http:\/\/www.rauschpr.com\/es\/wp-json\/wp\/v2\/pages\/13\/revisions"}],"predecessor-version":[{"id":153,"href":"http:\/\/www.rauschpr.com\/es\/wp-json\/wp\/v2\/pages\/13\/revisions\/153"}],"wp:attachment":[{"href":"http:\/\/www.rauschpr.com\/es\/wp-json\/wp\/v2\/media?parent=13"}],"curies":[{"name":"wp","href":"https:\/\/api.w.org\/{rel}","templated":true}]}}